{"id":2577,"date":"2023-06-05T13:03:27","date_gmt":"2023-06-05T13:03:27","guid":{"rendered":"https:\/\/www.gfdesarrollo.com\/tv\/?post_type=product&#038;p=2577"},"modified":"2026-03-05T16:46:00","modified_gmt":"2026-03-05T19:46:00","slug":"alfombra-de-entrenamiento-de-levantamiento-manual-de-cargas","status":"publish","type":"product","link":"https:\/\/www.gfdesarrollo.com\/tv\/producto\/alfombra-de-entrenamiento-de-levantamiento-manual-de-cargas\/","title":{"rendered":"Alfombra de Entrenamiento de Levantamiento Manual de Cargas"},"content":{"rendered":"<p>\u00a1Descubre la innovadora Alfombra de Entrenamiento de Levantamiento Manual de Cargas!<\/p>\n<p>Dise\u00f1ada especialmente para simular diferentes niveles de riesgo en el levantamiento de cargas.<\/p>\n<p>Esta din\u00e1mica distinta, te ayudar\u00e1 a incorporar aprendizajes sobre ergonom\u00eda, levantamiento de cargas y cuidado de la espalda en tus capacitaciones.<\/p>\n<p>Dispone de dos opciones de impresi\u00f3n para que elijas la que mejor se adapte a tu espacio de entrenamiento:<\/p>\n<p>\u2022\u00a01 lona tama\u00f1o de 2 m por 1,20 m.<span class=\"Apple-converted-space\">\u00a0<\/span><\/p>\n<p>\u2022\u00a02 lonas, una de 0,8 m x 1,1 m y otra de 1 m x 1,2 m<\/p>\n<p>La alfombra garantiza una calidad de impresi\u00f3n impecable y es el recurso perfecto para crear conciencia visual en tus sesiones de entrenamiento.<\/p>\n<p>Es importante recordar que la mayor\u00eda de las personas pensamos a trav\u00e9s de im\u00e1genes, por lo que contar con estos dise\u00f1os ser\u00e1 un anclaje muy significativo.<span class=\"Apple-converted-space\">\u00a0<\/span><\/p>\n<p>Junto con Lumbacchio y las cartas de Lift Poker, esta alfombra te ayudar\u00e1 a crear un entrenamiento completo, din\u00e1mico y entretenido.<\/p>\n<p>\u00a1Potencia tus capacitaciones de seguridad e higiene con esta alfombra \u00fanica en su clase!<\/p>\n<p>Eleva la experiencia de aprendizaje y brinda a tu personal las herramientas necesarias para proteger su espalda y prevenir lesiones.<\/p>\n<p>\u00a1Marca la diferencia en tus capacitaciones!<\/p>\n<p>&nbsp;<\/p>\n<p><img decoding=\"async\" class=\"alignnone wp-image-2592 size-full\" src=\"https:\/\/www.gfdesarrollo.com\/tv\/wp-content\/uploads\/2023\/05\/paypal_dinamicas-copia.png\" alt=\"\" width=\"421\" height=\"20\" srcset=\"https:\/\/www.gfdesarrollo.com\/tv\/wp-content\/uploads\/2023\/05\/paypal_dinamicas-copia.png 421w, https:\/\/www.gfdesarrollo.com\/tv\/wp-content\/uploads\/2023\/05\/paypal_dinamicas-copia-300x14.png 300w\" sizes=\"(max-width: 421px) 100vw, 421px\" \/><\/p>\n<h5><strong>O<\/strong><\/h5>\n<p><a href=\"https:\/\/go.hotmart.com\/Q83532746K\" target=\"_blank\" rel=\"noopener\"><img decoding=\"async\" class=\"alignnone wp-image-2512 size-full\" src=\"https:\/\/www.gfdesarrollo.com\/tv\/wp-content\/uploads\/2023\/05\/hotmart_Mesa-de-trabajo-1-1.png\" alt=\"Adquirir en Hotmart\" width=\"417\" height=\"32\" srcset=\"https:\/\/www.gfdesarrollo.com\/tv\/wp-content\/uploads\/2023\/05\/hotmart_Mesa-de-trabajo-1-1.png 417w, https:\/\/www.gfdesarrollo.com\/tv\/wp-content\/uploads\/2023\/05\/hotmart_Mesa-de-trabajo-1-1-300x23.png 300w\" sizes=\"(max-width: 417px) 100vw, 417px\" \/><\/a><\/p>\n<p style=\"text-align: left;\"><strong><span style=\"color: #ff0000;\"><a class=\"popmake-2274\" style=\"color: #ff0000;\" href=\"#\">*Aviso importante para los residentes de Argentina<\/a><\/span><\/strong><\/p>\n","protected":false},"excerpt":{"rendered":"<p>Descubre la innovadora Alfombra de Levantamiento de Cargas.<br \/>\nMejora tus capacitaciones en ergonom\u00eda y cuidado de la espalda.<br \/>\nEntrenamiento din\u00e1mico y visual.<br \/>\nEnse\u00f1a a proteger la espalda y prevenir lesiones.<\/p>\n<p>&nbsp;<\/p>\n<p><img decoding=\"async\" class=\"alignnone wp-image-2592 size-full\" src=\"https:\/\/www.gfdesarrollo.com\/tv\/wp-content\/uploads\/2023\/05\/paypal_dinamicas-copia.png\" alt=\"\" width=\"421\" height=\"20\" srcset=\"https:\/\/www.gfdesarrollo.com\/tv\/wp-content\/uploads\/2023\/05\/paypal_dinamicas-copia.png 421w, https:\/\/www.gfdesarrollo.com\/tv\/wp-content\/uploads\/2023\/05\/paypal_dinamicas-copia-300x14.png 300w\" sizes=\"(max-width: 421px) 100vw, 421px\" \/><\/p>\n<h5><strong>O<\/strong><\/h5>\n<p><a href=\"https:\/\/go.hotmart.com\/Q83532746K\" target=\"_blank\" rel=\"noopener\"><img decoding=\"async\" class=\"alignnone wp-image-2512 size-full\" src=\"https:\/\/www.gfdesarrollo.com\/tv\/wp-content\/uploads\/2023\/05\/hotmart_Mesa-de-trabajo-1-1.png\" alt=\"Adquirir en Hotmart\" width=\"417\" height=\"32\" srcset=\"https:\/\/www.gfdesarrollo.com\/tv\/wp-content\/uploads\/2023\/05\/hotmart_Mesa-de-trabajo-1-1.png 417w, https:\/\/www.gfdesarrollo.com\/tv\/wp-content\/uploads\/2023\/05\/hotmart_Mesa-de-trabajo-1-1-300x23.png 300w\" sizes=\"(max-width: 417px) 100vw, 417px\" \/><\/a><\/p>\n<p><strong><span style=\"color: #ff0000;\"><a class=\"popmake-2274\" style=\"color: #ff0000;\" href=\"#\">*Aviso importante para los residentes de Argentina<\/a><\/span><\/strong><\/p>\n","protected":false},"featured_media":2578,"comment_status":"open","ping_status":"closed","template":"","meta":{"_acf_changed":false,"_joinchat":[]},"product_brand":[],"product_cat":[90,85],"product_tag":[82,75,77,17],"class_list":{"0":"post-2577","1":"product","2":"type-product","3":"status-publish","4":"has-post-thumbnail","6":"product_cat-dinamicas-sst","7":"product_cat-ergonomia","8":"product_tag-dinamicas-presenciales","9":"product_tag-dinamicas-virtuales","10":"product_tag-producto-digital","11":"product_tag-sst","13":"first","14":"instock","15":"downloadable","16":"virtual","17":"sold-individually","18":"purchasable","19":"product-type-simple"},"acf":[],"_links":{"self":[{"href":"https:\/\/www.gfdesarrollo.com\/tv\/wp-json\/wp\/v2\/product\/2577","targetHints":{"allow":["GET"]}}],"collection":[{"href":"https:\/\/www.gfdesarrollo.com\/tv\/wp-json\/wp\/v2\/product"}],"about":[{"href":"https:\/\/www.gfdesarrollo.com\/tv\/wp-json\/wp\/v2\/types\/product"}],"replies":[{"embeddable":true,"href":"https:\/\/www.gfdesarrollo.com\/tv\/wp-json\/wp\/v2\/comments?post=2577"}],"version-history":[{"count":2,"href":"https:\/\/www.gfdesarrollo.com\/tv\/wp-json\/wp\/v2\/product\/2577\/revisions"}],"predecessor-version":[{"id":3229,"href":"https:\/\/www.gfdesarrollo.com\/tv\/wp-json\/wp\/v2\/product\/2577\/revisions\/3229"}],"wp:featuredmedia":[{"embeddable":true,"href":"https:\/\/www.gfdesarrollo.com\/tv\/wp-json\/wp\/v2\/media\/2578"}],"wp:attachment":[{"href":"https:\/\/www.gfdesarrollo.com\/tv\/wp-json\/wp\/v2\/media?parent=2577"}],"wp:term":[{"taxonomy":"product_brand","embeddable":true,"href":"https:\/\/www.gfdesarrollo.com\/tv\/wp-json\/wp\/v2\/product_brand?post=2577"},{"taxonomy":"product_cat","embeddable":true,"href":"https:\/\/www.gfdesarrollo.com\/tv\/wp-json\/wp\/v2\/product_cat?post=2577"},{"taxonomy":"product_tag","embeddable":true,"href":"https:\/\/www.gfdesarrollo.com\/tv\/wp-json\/wp\/v2\/product_tag?post=2577"}],"curies":[{"name":"wp","href":"https:\/\/api.w.org\/{rel}","templated":true}]}}